{"id":12748,"date":"2023-04-26T20:28:58","date_gmt":"2023-04-26T19:28:58","guid":{"rendered":"https:\/\/www.tosfrit.es\/accionistas\/"},"modified":"2023-07-18T17:07:25","modified_gmt":"2023-07-18T16:07:25","slug":"accionistas","status":"publish","type":"page","link":"https:\/\/www.tosfrit.es\/en\/accionistas\/","title":{"rendered":"Accionistas"},"content":{"rendered":"<div class=\"wpb-content-wrapper\"><p>[vc_row][vc_column width=&#8221;1\/3&#8243;][vc_column_text]<i>Bienvenido\/a al espacio reservado para accionistas de Tosfrit, S.A.<br \/>\nAqu\u00ed podr\u00e1 encontrar informaci\u00f3n corporativa relativa a las juntas de accionistas.\u00a0<\/i>[\/vc_column_text][\/vc_column][vc_column width=&#8221;2\/3&#8243;][vc_basic_grid post_type=&#8221;post&#8221; max_items=&#8221;-1&#8243; element_width=&#8221;3&#8243; gap=&#8221;15&#8243; item=&#8221;masonryGrid_Default&#8221; grid_id=&#8221;vc_gid:1684235913687-2232cb2d-e0ca-2&#8243; taxonomies=&#8221;320&#8243;][\/vc_column][\/vc_row][vc_row][vc_column][vc_empty_space height=&#8221;80px&#8221;][\/vc_column][\/vc_row]<\/p>\n<\/div>","protected":false},"excerpt":{"rendered":"<p>[vc_row][vc_column width=&#8221;1\/3&#8243;][vc_column_text]Bienvenido\/a al espacio reservado para accionistas de Tosfrit, S.A. Aqu\u00ed podr\u00e1 encontrar informaci\u00f3n corporativa relativa a las juntas de accionistas.\u00a0[\/vc_column_text][\/vc_column][vc_column width=&#8221;2\/3&#8243;][vc_basic_grid post_type=&#8221;post&#8221; max_items=&#8221;-1&#8243; element_width=&#8221;3&#8243; gap=&#8221;15&#8243; item=&#8221;masonryGrid_Default&#8221; grid_id=&#8221;vc_gid:1684235913687-2232cb2d-e0ca-2&#8243; taxonomies=&#8221;320&#8243;][\/vc_column][\/vc_row][vc_row][vc_column][vc_empty_space height=&#8221;80px&#8221;][\/vc_column][\/vc_row]<\/p>\n","protected":false},"author":1,"featured_media":12749,"parent":0,"menu_order":0,"comment_status":"closed","ping_status":"closed","template":"","meta":{"_monsterinsights_skip_tracking":false,"_monsterinsights_sitenote_active":false,"_monsterinsights_sitenote_note":"","_monsterinsights_sitenote_category":0,"footnotes":""},"class_list":["post-12748","page","type-page","status-publish","has-post-thumbnail","hentry"],"aioseo_notices":[],"_links":{"self":[{"href":"https:\/\/www.tosfrit.es\/en\/wp-json\/wp\/v2\/pages\/12748"}],"collection":[{"href":"https:\/\/www.tosfrit.es\/en\/wp-json\/wp\/v2\/pages"}],"about":[{"href":"https:\/\/www.tosfrit.es\/en\/wp-json\/wp\/v2\/types\/page"}],"author":[{"embeddable":true,"href":"https:\/\/www.tosfrit.es\/en\/wp-json\/wp\/v2\/users\/1"}],"replies":[{"embeddable":true,"href":"https:\/\/www.tosfrit.es\/en\/wp-json\/wp\/v2\/comments?post=12748"}],"version-history":[{"count":1,"href":"https:\/\/www.tosfrit.es\/en\/wp-json\/wp\/v2\/pages\/12748\/revisions"}],"predecessor-version":[{"id":14993,"href":"https:\/\/www.tosfrit.es\/en\/wp-json\/wp\/v2\/pages\/12748\/revisions\/14993"}],"wp:featuredmedia":[{"embeddable":true,"href":"https:\/\/www.tosfrit.es\/en\/wp-json\/wp\/v2\/media\/12749"}],"wp:attachment":[{"href":"https:\/\/www.tosfrit.es\/en\/wp-json\/wp\/v2\/media?parent=12748"}],"curies":[{"name":"wp","href":"https:\/\/api.w.org\/{rel}","templated":true}]}}