{"id":12882,"date":"2016-09-19T13:14:35","date_gmt":"2016-09-19T13:14:35","guid":{"rendered":"https:\/\/www.tosfrit.es\/tienda-online\/"},"modified":"2016-09-19T13:14:35","modified_gmt":"2016-09-19T13:14:35","slug":"tienda-online","status":"publish","type":"page","link":"https:\/\/www.tosfrit.es\/en\/tienda-online\/","title":{"rendered":"Tienda online Tosfrit"},"content":{"rendered":"<div class=\"wpb-content-wrapper\"><p>[vc_row row_content_width=&#8221;grid&#8221; content_text_aligment=&#8221;center&#8221; css=&#8221;.vc_custom_1589317414256{padding-top: 40px !important;background-color: #e5e5e5 !important;}&#8221;][vc_column][vc_row_inner content_text_aligment=&#8221;center&#8221; css=&#8221;.vc_custom_1589317443952{background-color: #e5e5e5 !important;}&#8221;][vc_column_inner width=&#8221;1\/3&#8243; offset=&#8221;vc_col-md-4&#8243; css=&#8221;.vc_custom_1475249261852{padding-right: 0px !important;padding-left: 0px !important;}&#8221;]<div class=\"eltdf-elements-holder eltdf-responsive-mode-768\" ><div class=\"eltdf-eh-item \" data-item-class=\"eltdf-eh-custom-453027\" data-600-768=\"0% 0% 20px 0%\" data-480=\"0% 0% 20px 0%\" >\n\t<div class=\"eltdf-eh-item-inner\" >\n\t\t<div class=\"eltdf-eh-item-content eltdf-eh-custom-453027\" style=\"padding: 0% 20px 0% 20px\">\n\t\t\t<div class=\"eltdf-banner-holder\">\n    <div class=\"eltdf-banner-image\">\n\t    <img loading=\"lazy\" decoding=\"async\" width=\"800\" height=\"791\" src=\"https:\/\/www.tosfrit.es\/wp\/wp-content\/uploads\/2020\/05\/APERITIVOS.png\" class=\"attachment-full size-full\" alt=\"\" srcset=\"https:\/\/www.tosfrit.es\/wp\/wp-content\/uploads\/2020\/05\/APERITIVOS.png 800w, https:\/\/www.tosfrit.es\/wp\/wp-content\/uploads\/2020\/05\/APERITIVOS-300x297.png 300w, https:\/\/www.tosfrit.es\/wp\/wp-content\/uploads\/2020\/05\/APERITIVOS-768x759.png 768w, https:\/\/www.tosfrit.es\/wp\/wp-content\/uploads\/2020\/05\/APERITIVOS-600x593.png 600w\" sizes=\"(max-width: 800px) 100vw, 800px\" \/>    <\/div>\n    <div class=\"eltdf-banner-text-holder\">\n\t    <div class=\"eltdf-banner-text-inner\">\n\t        \t        \t\t\t\t\t<\/div>\n\t<\/div>\n\t\t\t<a itemprop=\"url\" class=\"eltdf-banner-link\" href=\"https:\/\/2020.tosfrit.es\/wp\/product-category\/aperitivos\/\" target=\"_self\" rel=\"noopener\"><\/a>\n\t<\/div>[vc_single_image image=&#8221;10216&#8243; img_size=&#8221;medium&#8221; alignment=&#8221;center&#8221; css_animation=&#8221;fadeInDown&#8221;]\t\t<\/div>\n\t<\/div>\n<\/div><\/div>[\/vc_column_inner][vc_column_inner width=&#8221;1\/3&#8243; offset=&#8221;vc_col-md-4&#8243; css=&#8221;.vc_custom_1475249266682{padding-right: 0px !important;padding-left: 0px !important;}&#8221;]<div class=\"eltdf-elements-holder eltdf-responsive-mode-768\" ><div class=\"eltdf-eh-item \" data-item-class=\"eltdf-eh-custom-992102\" data-600-768=\"0% 0% 20px 0%\" data-480=\"0% 0% 20px 0%\" >\n\t<div class=\"eltdf-eh-item-inner\" >\n\t\t<div class=\"eltdf-eh-item-content eltdf-eh-custom-992102\" style=\"padding: 0% 20px 0% 20px\">\n\t\t\t<div class=\"eltdf-banner-holder\">\n    <div class=\"eltdf-banner-image\">\n\t    <img loading=\"lazy\" decoding=\"async\" width=\"800\" height=\"791\" src=\"https:\/\/www.tosfrit.es\/wp\/wp-content\/uploads\/2020\/05\/PATATAS-FRITAS.png\" class=\"attachment-full size-full\" alt=\"\" srcset=\"https:\/\/www.tosfrit.es\/wp\/wp-content\/uploads\/2020\/05\/PATATAS-FRITAS.png 800w, https:\/\/www.tosfrit.es\/wp\/wp-content\/uploads\/2020\/05\/PATATAS-FRITAS-300x297.png 300w, https:\/\/www.tosfrit.es\/wp\/wp-content\/uploads\/2020\/05\/PATATAS-FRITAS-768x759.png 768w, https:\/\/www.tosfrit.es\/wp\/wp-content\/uploads\/2020\/05\/PATATAS-FRITAS-600x593.png 600w\" sizes=\"(max-width: 800px) 100vw, 800px\" \/>    <\/div>\n    <div class=\"eltdf-banner-text-holder\">\n\t    <div class=\"eltdf-banner-text-inner\">\n\t        \t        \t\t\t\t\t<\/div>\n\t<\/div>\n\t\t\t<a itemprop=\"url\" class=\"eltdf-banner-link\" href=\"https:\/\/2020.tosfrit.es\/wp\/product-category\/patatas-fritas\/\" target=\"_self\" rel=\"noopener\"><\/a>\n\t<\/div>[vc_single_image image=&#8221;10221&#8243; img_size=&#8221;medium&#8221; alignment=&#8221;center&#8221; css_animation=&#8221;fadeInDown&#8221;]\t\t<\/div>\n\t<\/div>\n<\/div><\/div>[\/vc_column_inner][vc_column_inner width=&#8221;1\/3&#8243; offset=&#8221;vc_col-md-4&#8243; css=&#8221;.vc_custom_1475249271856{padding-right: 0px !important;padding-left: 0px !important;}&#8221;]<div class=\"eltdf-elements-holder eltdf-responsive-mode-768\" ><div class=\"eltdf-eh-item \" data-item-class=\"eltdf-eh-custom-229338\" data-600-768=\"0% 0% 0% 0%\" data-480=\"0% 0% 0% 0%\" >\n\t<div class=\"eltdf-eh-item-inner\" >\n\t\t<div class=\"eltdf-eh-item-content eltdf-eh-custom-229338\" style=\"padding: 0% 20px 0% 20px\">\n\t\t\t<div class=\"eltdf-banner-holder\">\n    <div class=\"eltdf-banner-image\">\n\t    <img loading=\"lazy\" decoding=\"async\" width=\"800\" height=\"791\" src=\"https:\/\/www.tosfrit.es\/wp\/wp-content\/uploads\/2020\/05\/CON-CACAO.png\" class=\"attachment-full size-full\" alt=\"\" srcset=\"https:\/\/www.tosfrit.es\/wp\/wp-content\/uploads\/2020\/05\/CON-CACAO.png 800w, https:\/\/www.tosfrit.es\/wp\/wp-content\/uploads\/2020\/05\/CON-CACAO-300x297.png 300w, https:\/\/www.tosfrit.es\/wp\/wp-content\/uploads\/2020\/05\/CON-CACAO-768x759.png 768w, https:\/\/www.tosfrit.es\/wp\/wp-content\/uploads\/2020\/05\/CON-CACAO-600x593.png 600w\" sizes=\"(max-width: 800px) 100vw, 800px\" \/>    <\/div>\n    <div class=\"eltdf-banner-text-holder\">\n\t    <div class=\"eltdf-banner-text-inner\">\n\t        \t        \t\t\t\t\t<\/div>\n\t<\/div>\n\t\t\t<a itemprop=\"url\" class=\"eltdf-banner-link\" href=\"https:\/\/2020.tosfrit.es\/wp\/product-category\/snacks-con-cobertura-de-cacao\/\" target=\"_self\" rel=\"noopener\"><\/a>\n\t<\/div>[vc_single_image image=&#8221;10217&#8243; img_size=&#8221;medium&#8221; alignment=&#8221;center&#8221; css_animation=&#8221;fadeInDown&#8221;]\t\t<\/div>\n\t<\/div>\n<\/div><\/div>[\/vc_column_inner][\/vc_row_inner][\/vc_column][\/vc_row][vc_row][vc_column][vc_empty_space height=&#8221;60&#8243;][\/vc_column][\/vc_row][vc_row][vc_column][vc_column_text]<\/p>\n<h3 style=\"text-align: center;\">Condiciones de env\u00edo<\/h3>\n<p>[\/vc_column_text][vc_column_text]<\/p>\n<h4 style=\"text-align: center;\"><strong>\u00a1Compra ya tus snacks Tosfrit favoritos en nuestra tienda online!<\/strong><\/h4>\n<p style=\"text-align: center;\"><span style=\"text-decoration: underline;\"><strong>Pen\u00ednsula<\/strong><\/span><\/p>\n<p style=\"text-align: center;\">Precio de env\u00edo hasta 14,99\u20ac: 2,95\u20ac<br \/>\nPrecio de env\u00edo a partir de 15\u20ac: Gratuito<br \/>\nTiempo de preparaci\u00f3n y env\u00edo: 48h-72h h\u00e1biles<\/p>\n<p style=\"text-align: center;\"><span style=\"text-decoration: underline;\"><strong>Islas Baleares<\/strong><\/span><\/p>\n<p style=\"text-align: center;\">Env\u00edo no disponible.<\/p>\n<p style=\"text-align: center;\"><span style=\"text-decoration: underline;\"><strong>Islas Canarias, Ceuta, Melilla, Andorra<\/strong><\/span><\/p>\n<p style=\"text-align: center;\">Env\u00edo no disponible.<\/p>\n<p>&nbsp;<\/p>\n<p style=\"text-align: center;\"><em>* Tiempos susceptibles de verse alterados por razones ajenas a nuestra empresa<\/em><\/p>\n<p>[\/vc_column_text][vc_empty_space height=&#8221;60&#8243;][\/vc_column][\/vc_row]<\/p>\n<\/div>","protected":false},"excerpt":{"rendered":"<p>[vc_row row_content_width=&#8221;grid&#8221; content_text_aligment=&#8221;center&#8221; css=&#8221;.vc_custom_1589317414256{padding-top: 40px !important;background-color: #e5e5e5 !important;}&#8221;][vc_column][vc_row_inner content_text_aligment=&#8221;center&#8221; css=&#8221;.vc_custom_1589317443952{background-color: #e5e5e5 !important;}&#8221;][vc_column_inner width=&#8221;1\/3&#8243; offset=&#8221;vc_col-md-4&#8243; css=&#8221;.vc_custom_1475249261852{padding-right: 0px !important;padding-left: 0px !important;}&#8221;][\/vc_column_inner][vc_column_inner width=&#8221;1\/3&#8243; offset=&#8221;vc_col-md-4&#8243; css=&#8221;.vc_custom_1475249266682{padding-right: 0px !important;padding-left: 0px !important;}&#8221;][\/vc_column_inner][vc_column_inner width=&#8221;1\/3&#8243; offset=&#8221;vc_col-md-4&#8243; css=&#8221;.vc_custom_1475249271856{padding-right: 0px !important;padding-left: 0px !important;}&#8221;][\/vc_column_inner][\/vc_row_inner][\/vc_column][\/vc_row][vc_row][vc_column][vc_empty_space height=&#8221;60&#8243;][\/vc_column][\/vc_row][vc_row][vc_column][vc_column_text] Condiciones de env\u00edo [\/vc_column_text][vc_column_text] \u00a1Compra ya tus snacks Tosfrit favoritos en [&hellip;]<\/p>\n","protected":false},"author":3,"featured_media":0,"parent":0,"menu_order":0,"comment_status":"closed","ping_status":"closed","template":"","meta":{"_monsterinsights_skip_tracking":false,"_monsterinsights_sitenote_active":false,"_monsterinsights_sitenote_note":"","_monsterinsights_sitenote_category":0,"footnotes":""},"class_list":["post-12882","page","type-page","status-publish","hentry"],"aioseo_notices":[],"_links":{"self":[{"href":"https:\/\/www.tosfrit.es\/en\/wp-json\/wp\/v2\/pages\/12882"}],"collection":[{"href":"https:\/\/www.tosfrit.es\/en\/wp-json\/wp\/v2\/pages"}],"about":[{"href":"https:\/\/www.tosfrit.es\/en\/wp-json\/wp\/v2\/types\/page"}],"author":[{"embeddable":true,"href":"https:\/\/www.tosfrit.es\/en\/wp-json\/wp\/v2\/users\/3"}],"replies":[{"embeddable":true,"href":"https:\/\/www.tosfrit.es\/en\/wp-json\/wp\/v2\/comments?post=12882"}],"version-history":[{"count":0,"href":"https:\/\/www.tosfrit.es\/en\/wp-json\/wp\/v2\/pages\/12882\/revisions"}],"wp:attachment":[{"href":"https:\/\/www.tosfrit.es\/en\/wp-json\/wp\/v2\/media?parent=12882"}],"curies":[{"name":"wp","href":"https:\/\/api.w.org\/{rel}","templated":true}]}}